{"id":21,"date":"2024-10-02T22:04:48","date_gmt":"2024-10-02T20:04:48","guid":{"rendered":"https:\/\/www.lexseven.se\/?page_id=21"},"modified":"2026-03-30T18:53:55","modified_gmt":"2026-03-30T16:53:55","slug":"dataskyddspolicy","status":"publish","type":"page","link":"https:\/\/www.lexseven.se\/en\/dataskyddspolicy\/","title":{"rendered":"Privacy Policy"},"content":{"rendered":"<div data-elementor-type=\"wp-page\" data-elementor-id=\"21\" class=\"elementor elementor-21\" data-elementor-post-type=\"page\">\n\t\t\t\t\t\t<section class=\"elementor-section elementor-top-section elementor-element elementor-element-f746da4 elementor-section-boxed elementor-section-height-default elementor-section-height-default\" data-id=\"f746da4\" data-element_type=\"section\" data-settings=\"{&quot;background_background&quot;:&quot;gradient&quot;}\">\n\t\t\t\t\t\t<div class=\"elementor-container elementor-column-gap-default\">\n\t\t\t\t\t<div class=\"elementor-column elementor-col-100 elementor-top-column elementor-element elementor-element-dfe56d2\" data-id=\"dfe56d2\" data-element_type=\"column\" data-settings=\"{&quot;animation&quot;:&quot;none&quot;}\">\n\t\t\t<div class=\"elementor-widget-wrap elementor-element-populated\">\n\t\t\t\t\t\t<section class=\"elementor-section elementor-inner-section elementor-element elementor-element-8f9b8f4 elementor-section-boxed elementor-section-height-default elementor-section-height-default\" data-id=\"8f9b8f4\" data-element_type=\"section\">\n\t\t\t\t\t\t<div class=\"elementor-container elementor-column-gap-default\">\n\t\t\t\t\t<div class=\"elementor-column elementor-col-100 elementor-inner-column elementor-element elementor-element-75d8a04 elementor-invisible\" data-id=\"75d8a04\" data-element_type=\"column\" data-settings=\"{&quot;animation&quot;:&quot;fadeInLeft&quot;}\">\n\t\t\t<div class=\"elementor-widget-wrap elementor-element-populated\">\n\t\t\t\t\t\t<div class=\"elementor-element elementor-element-e6118e3 elementor-widget elementor-widget-heading\" data-id=\"e6118e3\" data-element_type=\"widget\" data-widget_type=\"heading.default\">\n\t\t\t\t<div class=\"elementor-widget-container\">\n\t\t\t\t\t<h2 class=\"elementor-heading-title elementor-size-default\">Privacy Policy<\/h2>\t\t\t\t<\/div>\n\t\t\t\t<\/div>\n\t\t\t\t<div class=\"elementor-element elementor-element-62c9cbe elementor-widget-divider--view-line elementor-widget elementor-widget-divider\" data-id=\"62c9cbe\" data-element_type=\"widget\" data-widget_type=\"divider.default\">\n\t\t\t\t<div class=\"elementor-widget-container\">\n\t\t\t\t\t\t\t<div class=\"elementor-divider\">\n\t\t\t<span class=\"elementor-divider-separator\">\n\t\t\t\t\t\t<\/span>\n\t\t<\/div>\n\t\t\t\t\t\t<\/div>\n\t\t\t\t<\/div>\n\t\t\t\t<div class=\"elementor-element elementor-element-0996e51 elementor-widget elementor-widget-text-editor\" data-id=\"0996e51\" data-element_type=\"widget\" data-widget_type=\"text-editor.default\">\n\t\t\t\t<div class=\"elementor-widget-container\">\n\t\t\t\t\t\t\t\t\t<p data-pm-slice=\"1 1 []\">Advokatfirman Lexseven v\u00e4rnar om s\u00e4kerheten kring era personuppgifter med st\u00f6rsta integritet och h\u00e4nsyn. V\u00e5r webbplats <a href=\"http:\/\/www.lexseven.se\/en\/\">https:\/\/lexseven.se<\/a>\u00a0\u00e4r krypterad med HTTPS\/SSL-certifikat. Certifikatet \u00e4r till f\u00f6r att f\u00f6rhindra obeh\u00f6riga personer att se information som skickas mellan servrar. H\u00e4r f\u00f6rklarar vi hur vi samlar in och anv\u00e4nder data f\u00f6r att f\u00f6lja g\u00e4llande lagar och f\u00f6rordningar (GDPR). Informationen p\u00e5 denna sidan kan uppdateras. Denna integritetspolicy uppdaterades 2021-05-14.<\/p><h3>What data do we store and for how long<\/h3><p>Uppgifterna som lagras hos oss \u00e4r de f\u00e4lt som respektive formul\u00e4r inneh\u00e5ller. Personuppgifterna samlas in och behandlas i syfte att administrera den \u00e5tg\u00e4rd som du har beg\u00e4rt. Eller enligt vad som kr\u00e4vs enligt lag, och sparas inte l\u00e4ngre \u00e4n vad som kr\u00e4vs f\u00f6r att fullg\u00f6ra detta syfte. Om du l\u00e4mnar dina personuppgifter\/fyller i ett formul\u00e4r till Advokatfirman Lexseven AB via denna webbplats samtycker du till behandling av dem, i enlighet med denna policy.<\/p><h3>Purpose of the collection<\/h3><p>We collect data in order to make contact, establish and\/or maintain a business relationship or inquiry.<\/p><h3>Modification\/deletion and right to information about personal data<\/h3><p>You always have the opportunity and the right to request access to the information we have stored. You also have the right to request the correction or deletion of your data. To do this, contact us via email. When you are a customer of ours, we always need your data in order to be able to complete our cooperation.<\/p><h3>Sharing data with third parties<\/h3><p>Advokatfirman Lexseven AB kan, i vissa fall vidarebefordra dina personuppgifter till tredje part och partners om det anses n\u00f6dv\u00e4ndigt f\u00f6r att fullf\u00f6lja din beg\u00e4ran av v\u00e5ra tj\u00e4nster. Dina personuppgifter lagras endast under den period som \u00e4r n\u00f6dv\u00e4ndig med h\u00e4nsyn till \u00e4ndam\u00e5let med behandlingen, s\u00e5vida inte annat framg\u00e5r av denna policy. Informationen kommer att tilldelas:<\/p><h4>Get a Newsletter<\/h4><p>A newsletter tool that is only used to send information to our existing customers.<\/p><h4>Google Analytics<\/h4><p>We use Google Analytics script to get statistics. Google Analytics collects information about which websites visitors are on. These statistics are then presented to website owners.<\/p><h4>Facebook pixel<\/h4><p>We use Facebook's pixel to track activities on the website that we may use for various marketing purposes.<\/p><h4>Safety<\/h4><p>No data transmission can be guaranteed security, but we do everything we can to ensure that your data is treated securely. We have internal procedures, login requirements and SSL to process the data as securely as possible.<\/p><h3>Use of cookies<\/h3><p>This website uses cookies. Cookies are a text file that is stored on your computer. You always have the option to clear, enable and manage cookies in your browser.<\/p><h4>Cookies we use<\/h4><p>Session cookies: This type of cookie is only temporarily stored in your browser when you visit the website. When you close the website, these session cookies disappear. They help you save settings, among other things.<\/p><p>Time-limited cookies: These are cookies that your browser saves for a longer limited period of time. They improve your user experience and to remember your preferences for the next visit.<\/p><h4>Refuse cookies<\/h4><p>You always have the option to clear, enable and manage cookies in your browser. You can also set your browser to automatically refuse cookies. More information about this can be found on your browser's help pages.<\/p><h4>Contact<\/h4><p class=\"translation-block\">If you as a visitor or customer have questions about how we process personal data or want to change\/delete the data, please contact the data controller by e-mail: <a href=\"mailto:info@advokatlexseven.se\" target=\"_self\">info@advokatlexseven.<\/a>see<\/p><p>Lexseven\u00a0<a href=\"http:\/\/org.nr\/\" target=\"_blank\" rel=\"noopener\">org.nr<\/a> 559571-4832<br \/><span style=\"background-color: #111228; font-size: 15px;\">Dalgatan 12,\u00a0\u00a0<\/span><span style=\"background-color: #111228; font-size: 15px;\">151 53 S\u00f6dert\u00e4lje<br \/><\/span><span style=\"color: inherit; font-family: inherit; font-size: 1.25rem; background-color: transparent;\">Personuppgiftsombud: Advokatfirman Lexseven AB<\/span><\/p><h5>Email: <a href=\"mailto:info@advokatlexseven.se\">info@advokatlexseven.se<\/a><\/h5>\t\t\t\t\t\t\t\t<\/div>\n\t\t\t\t<\/div>\n\t\t\t\t\t<\/div>\n\t\t<\/div>\n\t\t\t\t\t<\/div>\n\t\t<\/section>\n\t\t\t\t\t<\/div>\n\t\t<\/div>\n\t\t\t\t\t<\/div>\n\t\t<\/section>\n\t\t\t\t<\/div>","protected":false},"excerpt":{"rendered":"<p>Dataskyddspolicy Advokatfirman Lexseven v\u00e4rnar om s\u00e4kerheten kring era personuppgifter med st\u00f6rsta integritet och h\u00e4nsyn. V\u00e5r webbplats https:\/\/lexseven.se\u00a0\u00e4r krypterad med HTTPS\/SSL-certifikat. Certifikatet \u00e4r till f\u00f6r att f\u00f6rhindra obeh\u00f6riga personer att se information som skickas mellan servrar. H\u00e4r f\u00f6rklarar vi hur vi samlar in och anv\u00e4nder data f\u00f6r att f\u00f6lja g\u00e4llande lagar och f\u00f6rordningar (GDPR). Informationen p\u00e5 [&hellip;]<\/p>","protected":false},"author":1,"featured_media":0,"parent":0,"menu_order":0,"comment_status":"closed","ping_status":"closed","template":"elementor_header_footer","meta":{"footnotes":""},"class_list":["post-21","page","type-page","status-publish","hentry"],"_links":{"self":[{"href":"https:\/\/www.lexseven.se\/en\/wp-json\/wp\/v2\/pages\/21","targetHints":{"allow":["GET"]}}],"collection":[{"href":"https:\/\/www.lexseven.se\/en\/wp-json\/wp\/v2\/pages"}],"about":[{"href":"https:\/\/www.lexseven.se\/en\/wp-json\/wp\/v2\/types\/page"}],"author":[{"embeddable":true,"href":"https:\/\/www.lexseven.se\/en\/wp-json\/wp\/v2\/users\/1"}],"replies":[{"embeddable":true,"href":"https:\/\/www.lexseven.se\/en\/wp-json\/wp\/v2\/comments?post=21"}],"version-history":[{"count":11,"href":"https:\/\/www.lexseven.se\/en\/wp-json\/wp\/v2\/pages\/21\/revisions"}],"predecessor-version":[{"id":309,"href":"https:\/\/www.lexseven.se\/en\/wp-json\/wp\/v2\/pages\/21\/revisions\/309"}],"wp:attachment":[{"href":"https:\/\/www.lexseven.se\/en\/wp-json\/wp\/v2\/media?parent=21"}],"curies":[{"name":"wp","href":"https:\/\/api.w.org\/{rel}","templated":true}]}}